{"id":226,"date":"2012-12-07T19:30:44","date_gmt":"2012-12-07T19:30:44","guid":{"rendered":"http:\/\/www.comorinemuritoare.ro\/biblioteca\/?page_id=226"},"modified":"2012-12-08T11:48:35","modified_gmt":"2012-12-08T11:48:35","slug":"cateva-date-mai-de-seama-din-viata-preotului-iosif-trifa-intemeietorul-oastei-domnului","status":"publish","type":"page","link":"https:\/\/www.comorinemuritoare.ro\/biblioteca\/parintele-iosif-trifa\/cateva-date-mai-de-seama-din-viata-preotului-iosif-trifa-intemeietorul-oastei-domnului\/","title":{"rendered":"C\u00e2teva date mai de seama din viata Preotului Iosif Trifa \u2013 \u00eentemeietorul Oastei Domnului"},"content":{"rendered":"<ul>\n<li><a href=\"http:\/\/www.comorinemuritoare.ro\/biblioteca\/wp-content\/uploads\/2012\/11\/pr-Trifa-sepia-P.jpg\"><img decoding=\"async\" class=\"alignright  wp-image-136\" style=\"border: 0px none; margin: 8px;\" title=\"pr-Trifa-sepia-P\" src=\"http:\/\/www.comorinemuritoare.ro\/biblioteca\/wp-content\/uploads\/2012\/11\/pr-Trifa-sepia-P.jpg\" alt=\"\" width=\"248\" srcset=\"https:\/\/www.comorinemuritoare.ro\/biblioteca\/wp-content\/uploads\/2012\/11\/pr-Trifa-sepia-P.jpg 419w, https:\/\/www.comorinemuritoare.ro\/biblioteca\/wp-content\/uploads\/2012\/11\/pr-Trifa-sepia-P-209x300.jpg 209w\" sizes=\"(max-width: 419px) 100vw, 419px\" \/><\/a>1888, luna martie, ziua 3 \u2013 se na\u015fte \u00een satul Certege, jud. Turda,<a title=\"\" href=\"#_ftn1\">[1]<\/a>din p\u0103rin\u0163ii Dimitrie \u015fi Ana, fiul Iosif, al patrulea dintre cei \u015fase fii ai lor;<\/li>\n<li>1895, la 7 ani \u2013 \u00eencepe \u015fcoala de patru clase din satul natal;1900 \u2013 \u00eencepe gimnaziul la Beiu\u015f;<\/li>\n<li>1907 \u2013 \u00eencepe cursurile la Institutul Teologic-Pedagogic din Sibiu;<\/li>\n<li>1910 \u2013 este numit \u00eenv\u0103\u0163\u0103tor \u00een comuna Vidra de Sus, azi, Avram Iancu;<\/li>\n<li>1911 \u2013 se c\u0103s\u0103tore\u015fte cu Iuliana, din neamul lui Avram Iancu, nepoat\u0103 de frate a acestuia. Este hirotonit preot \u00een Vidra;<\/li>\n<li>1912 \u2013 are primul copil, o feti\u0163\u0103, Olimpia, care moare \u00een anul urm\u0103tor;<\/li>\n<li>1914 \u2013 are al doilea copil, un b\u0103iat, Gheorghe-Titus, care, la fel, moare \u00een anul urm\u0103tor. \u00cencepe Primul R\u0103zboi Mondial. Ardealul se g\u0103se\u015fte sub st\u0103p\u00e2nirea Austro-Ungar\u0103;<\/li>\n<li>1916 \u2013 are al treilea copil, un b\u0103iat c\u0103ruia \u00eei pune, la fel, numele Gheorghe-Titus, \u00een amintirea primului b\u0103iat mort anul trecut, singurul fiu r\u0103mas \u00een via\u0163\u0103;<\/li>\n<li>1918 \u2013 are al patrulea copil, feti\u0163a Augustina. Se sf\u00e2r\u015fe\u015fte marele r\u0103zboi. Izbucne\u015fte epidemia de \u00abgrip\u0103 spaniol\u0103\u00bb care secer\u0103 multe vie\u0163i. I se \u00eemboln\u0103vesc grav so\u0163ia, Iuliana, \u015fi feti\u0163a, Augustina. Dup\u0103 o scurt\u0103 z\u0103cere, mor am\u00e2ndou\u0103, \u00eent\u00e2i mama, apoi \u015fi fiica. R\u0103m\u00e2ne numai cu fiul Tit, \u00een v\u00e2rst\u0103 de abia trei ani;<\/li>\n<li>1919 \u2013 scrie intens \u015fi colaboreaz\u0103, la o mul\u0163ime de reviste \u015fi ziare, cu tot felul de scrieri pline de credin\u0163\u0103 \u015fi de dragoste pentru Iisus Hristos, Domnul \u015fi M\u00e2ntuitorul nostru;<\/li>\n<li>1920 \u2013 continu\u0103 s\u0103 scrie \u015fi s\u0103 publice intens. \u00cei apare prima carte de t\u00e2lcuiri \u015fi \u00eendemnuri sfinte, \u00abSpre Canaan\u00bb \u2013\u00a0 tip\u0103rit\u0103 la Arad;<\/li>\n<li>1921 \u2013 este chemat la Cluj \u015fi la Sibiu. Alege Sibiul \u015fi intr\u0103 ca duhovnic la Academia Teologic\u0103;<\/li>\n<li>1922 \u2013 apare \u00abLumina satelor\u00bb, av\u00e2ndu-l ca redactor pe preotul Iosif Trifa;<\/li>\n<li>1923 \u2013 apare mi\u015fcarea duhovniceasc\u0103 \u00abOastea Domnului\u00bb;<\/li>\n<li>1925 \u2013 pleac\u0103 \u00een pelerinaj la Ierusalim, cu \u00eenc\u0103 160 de al\u0163i pelerini;<\/li>\n<li>1927 \u2013 se \u00eemboln\u0103ve\u015fte grav, ca urmare a muncii istovitoare de scriitor \u015fi gazetar. Are prima opera\u0163ie grea;<\/li>\n<li>1930 \u2013 este din nou internat pentru un an la Geoagiu;<\/li>\n<li>1933 \u2013 este trimis de medici la Davos, \u00een Elve\u0163ia, de unde se \u00eentoarce \u00een stare grav\u0103. I se face a doua opera\u0163ie la Geoagiu. \u00cen acela\u015fi an, i se face la Sibiu a treia opera\u0163ie. Apoi, cur\u00e2nd, a patra;<\/li>\n<li>1935 \u2013 i se reface pu\u0163in s\u0103n\u0103tatea;<\/li>\n<li>1936 \u2013 este internat din nou \u00een stare grav\u0103 la Bra\u015fov, unde i se face a cincea opera\u0163ie. Tot \u00een acela\u015fi an, i se face la Sibiu a \u015fasea opera\u0163ie;<\/li>\n<li>1937 \u2013 din nou \u00een spitalul de la Sibiu. A \u015faptea opera\u0163ie;<\/li>\n<li>1938 \u2013 ianuarie \u2013 este nevoie de a opta opera\u0163ie, dar inima nu o mai poate suporta;<\/li>\n<li>\u2013 Februarie, 12, trece la Domnul, \u00een primele ore ale dimine\u0163ii, \u00een Sibiu, pe Aleea Filozofilor, nr. 18.\n<div>\n<hr align=\"left\" size=\"1\" width=\"33%\" \/>\n<div>\n<p><a title=\"\" href=\"#_ftnref1\">[1]<\/a> Actualmente, jud. Alba.<\/p>\n<\/div>\n<\/div>\n<p><!--more--><\/li>\n<\/ul>\n<h3><strong><a href=\"http:\/\/www.comorinemuritoare.ro\/biblioteca\/wp-content\/uploads\/2012\/11\/MormantPrIosifTrifa.jpg\"><img loading=\"lazy\" decoding=\"async\" class=\"alignleft\" style=\"border: 0px; margin: 8px;\" title=\"Mormantul Pr. Iosif Trifa\" src=\"http:\/\/www.comorinemuritoare.ro\/biblioteca\/wp-content\/uploads\/2012\/11\/MormantPrIosifTrifa.jpg\" alt=\"\" width=\"240\" height=\"363\" \/><\/a><\/strong><\/h3>\n<h3><span style=\"color: #993300;\"><strong>______________________________________________<\/strong><\/span><\/h3>\n<h3>Om trimis de Dumnezeu<\/h3>\n<p style=\"padding-left: 60px; text-align: justify;\">Dac\u0103 puterea operei cuiva se m\u0103soar\u0103 dup\u0103 ecoul ei imediat \u00een suflete, atunci lucrarea acestui uria\u015f trimis al lui Dumnezeu r\u0103m\u00e2ne \u015fi prin aceasta ne\u00eentrecut\u0103 \u00een Biserica noastr\u0103 de la Sf\u00e2ntul Ioan Gur\u0103 de Aur, p\u00e2n\u0103 azi. \u00cenc\u0103 \u00een r\u0103stimpul scurtei sale vie\u0163i \u2013 \u015fi anume doar \u00een c\u00e2\u0163iva ani din acest r\u0103stimp \u2013 lucrarea sa a cuprins nu numai toat\u0103 \u0163ara rom\u00e2neasc\u0103, ci s-a r\u0103sp\u00e2ndit \u015fi \u00een toate cele cinci continente ale lumii. \u00centocmai cum este scris: p\u00e2n\u0103 la marginile p\u0103m\u00e2ntului.<br \/>\nAceast\u0103 lucrare n-a creat numai suflete noi, ci a f\u0103cut s\u0103 \u00eenfloreasc\u0103 o literatur\u0103 nou\u0103, o muzic\u0103 nou\u0103, o via\u0163\u0103 profund nou\u0103 nu numai \u00een Biseric\u0103, ci \u015fi \u00een popor. Toate acestea au \u00eenceput cu el sau au f\u0103cut un salt calitativ uria\u015f datorit\u0103 lui.<\/p>\n<p style=\"text-align: justify;\">Oriunde a fost nevoie de d\u0103ruire deplin\u0103, el a fost acolo. De la munca sa de \u00eenv\u0103\u0163\u0103tor \u015fi preot \u00eentr-un sat de mo\u0163i s\u0103raci \u015fi \u00eentr-o vreme de primejdie \u015fi lipsuri, p\u00e2n\u0103 la rugul s\u0103u de martir pe altarul rena\u015fterii duhovnice\u015fti pe toat\u0103 aria poporului \u015fi a Bisericii noastre, el a fost acolo gata a se d\u0103rui f\u0103r\u0103 de rezerve \u015fi f\u0103r\u0103 a socoti pre\u0163ul pe care trebuia s\u0103-l dea pentru cauza sf\u00e2nt\u0103 \u015fi necesar\u0103 a m\u00e2ntuirii semenilor s\u0103i. \u015ei pentru slujirea cinstit\u0103 \u015fi curat\u0103 a Domnului s\u0103u Iisus cel R\u0103stignit. F\u0103ptura lui a fost alc\u0103tuit\u0103 din acel aluat ceresc din care sunt fr\u0103m\u00e2nta\u0163i martirii \u015fi adev\u0103ra\u0163ii sfin\u0163i.<br \/>\nEl n-a \u015fov\u0103it niciodat\u0103 \u00een fa\u0163a marilor hot\u0103r\u00e2ri, nici n-a socotit pre\u0163ul jert\u00acfei care era de dat.<br \/>\nA pus un leg\u0103m\u00e2nt \u00een fa\u0163a lui Hristos?<br \/>\nNici o putere din lume, nici o ademenire \u015fi nici o amenin\u0163are nu l-a putut face s\u0103 \u015fi-l schimbe!<br \/>\nA pornit pe un drum?<br \/>\nNici o ispit\u0103 \u015fi nici o lovitur\u0103 nu l-a mai putut abate la dreapta sau la st\u00e2nga din acest drum sf\u00e2nt!<br \/>\nPornind \u00een Biseric\u0103 Mi\u015fcarea religioas\u0103 a Oastei Domnului, la \u00eempotrivirea Bisericii, el n-a ie\u015fit din Biseric\u0103 spre st\u00e2nga sectarist\u0103, ca fostul preot Tudor Popescu de la \u201eCuibul cu barz\u0103\u201c. Nici spre dreapta formalist\u0103, ca fostul arhimandrit Emilian de la \u201eGlasul Monahilor\u201c. Ci a r\u0103mas statornic acolo unde a fost pus de Hristos, ca, la venirea Lui, St\u0103p\u00e2nul Sf\u00e2nt s\u0103-l afle tot acolo unde l-a pus la \u00eenceput. Ca pe un ispravnic bun, g\u0103sit credincios, adic\u0103 statornic \u00een lucrul \u00eencredin\u0163at lui.<br \/>\nTrupul s\u0103u n-a cunoscut odihna niciodat\u0103, ci numai febra crea\u0163iei sfinte \u015fi \u00eenfl\u0103c\u0103rate.<br \/>\nDin copil\u0103ria sa \u015fi p\u00e2n\u0103 la ceasul mor\u0163ii sale a muncit cu aceea\u015fi dragoste \u015fi putere minunat\u0103 pentru cauza lui Hristos, des\u0103v\u00e2r\u015findu-\u015fi mereu uneltele \u015fi iscodind mereu noi idei \u015fi noi metode pentru un mai mare rod \u015fi folos al slujbei lui Hristos, \u00een care lucra. Toat\u0103 puterea din el s-a pref\u0103cut numai lumin\u0103 \u015fi c\u0103ldur\u0103 pentru noi, cei care aveam at\u00e2ta nevoie de ele \u015fi f\u0103r\u0103 de care mul\u0163i poate n-am fi ajuns niciodat\u0103 s\u0103 fim atra\u015fi la Hristos.<\/p>\n<p style=\"text-align: justify;\">A fost un pitic \u00een trupul s\u0103u firesc, dar a fost un uria\u015f \u00een statura sa duhovniceasc\u0103, \u00een sufletul s\u0103u, \u00een munca sa.<br \/>\nA fost \u015fubred \u00een carnea sa, dar de o putere, de o t\u0103rie \u015fi de o statornicie f\u0103r\u0103 margini \u00een caracterul s\u0103u.<br \/>\nNu dormea dec\u00e2t dou\u0103-trei ore din dou\u0103zeci \u015fi patru. Celelalte le muncea cu o grab\u0103, cu o pricepere \u015fi cu o voin\u0163\u0103 at\u00e2t de mare, \u00eenc\u00e2t \u00eentr-o jum\u0103tate din via\u0163a sa scurt\u0103, t\u00e2r\u00e2t\u0103 \u015fi aceea mereu printre opera\u0163ii \u015fi tribunale, a realizat c\u00e2t n-au putut al\u0163ii \u00een sute \u015fi poate \u00een mii de ani.<br \/>\nScria \u00een pat, scria pe drum, scria pe banca din parc, \u00een tren, \u00een tramvai; totdeauna inspirat, ca \u015fi cum ar fi fost o albie de fluviu pe care apele rev\u0103r\u00acsate abia \u00eencap.<br \/>\nCa \u015fi cum ar fi avut o sut\u0103 de orizonturi, cuno\u015ftea totul. Ca \u015fi cum ar fi avut o sut\u0103 de ochi, vedea totul. Ca \u015fi cum ar fi avut o sut\u0103 de inimi, sim\u0163ea cu to\u0163i. Ca \u015fi cum ar fi avut o sut\u0103 de creiere, limpezea orice problem\u0103.<br \/>\nEra totdeauna cu un cap mai mare ca to\u0163i cei din jurul lui, cu un pas mai \u00eenainte dec\u00e2t cei cu care alerga, cu un ceas mai devreme dec\u00e2t cei din frunte.<br \/>\nToate profe\u0163iile f\u0103cute de el s-au \u00eemplinit \u015fi nici o prevestire a lui n-a fost dezmin\u0163it\u0103.<br \/>\nCu o putere de p\u0103trundere unic\u0103, el a limpezit adev\u0103rul \u015fi a g\u0103sit totdeauna cuv\u00e2ntul inspirat, pentru a-l \u00eenf\u0103\u0163i\u015fa \u00een\u0163eles de to\u0163i, ca simplitatea divin\u0103 a Evangheliei lui Hristos.<br \/>\nCa un medic des\u0103v\u00e2r\u015fit, el prescria leacul cel vindec\u0103tor la fiecare boal\u0103. \u00cen anii lui de gazet\u0103rie pentru popor, nici o problem\u0103 de via\u0163\u0103 nu i-a r\u0103mas str\u0103in\u0103 \u015fi de nerezolvat. Pana lui ascu\u0163it\u0103 a \u0163intit totdeauna drept ca o s\u0103geat\u0103 \u00een mijlocul \u015fi \u00een miezul lucrurilor.<br \/>\n\u00cen p\u0103storire sau \u00een educa\u0163ie, el va r\u0103m\u00e2ne \u00een toate privin\u0163ele un model at\u00e2t pentru preo\u0163i, c\u00e2t \u015fi pentru educatorii de orice fel. Un instinct ceresc \u015fi limpede \u00eel c\u0103l\u0103uzea drept \u015fi sigur \u00een tot ceea ce trebuia f\u0103cut. Acolo unde noi, ceilal\u0163i, din preajma lui, nu vedeam nimic, el g\u0103sea comori \u015fi scotea aur.<\/p>\n<p style=\"text-align: justify;\">Ceea ce am admirat mai mult la el era \u00eens\u0103 puterea de a face el \u00eensu\u015fi ceea ce \u00eei \u00eendemna pe al\u0163ii, putere care ne lipse\u015fte nou\u0103 aproape tuturor, aproape de tot. De aceea noi to\u0163i trebuie totdeauna s\u0103 ne uit\u0103m cu b\u0103gare de seam\u0103 la felul lui de vie\u0163uire \u015fi s\u0103-i urm\u0103m credin\u0163a!<\/p>\n<p style=\"text-align: right;\"><em>(Traian Dorz, Istoria unei jertfe, vol III, Ed. \u00abOastea Domnului\u00bb, 1998, pg. 541-542)<\/em><\/p>\n<div><\/div>\n","protected":false},"excerpt":{"rendered":"<p>1888, luna martie, ziua 3 \u2013 se na\u015fte \u00een satul Certege, jud. Turda,[1]din p\u0103rin\u0163ii Dimitrie \u015fi Ana, fiul Iosif, al patrulea dintre cei \u015fase fii ai lor; 1895, la 7 ani \u2013 \u00eencepe \u015fcoala de patru clase din satul natal;1900 \u2013 \u00eencepe gimnaziul la Beiu\u015f; 1907 \u2013 \u00eencepe cursurile la Institutul Teologic-Pedagogic din Sibiu; 1910&nbsp;<\/p>\n<p><a class=\"btn btn-style\" href=\"https:\/\/www.comorinemuritoare.ro\/biblioteca\/parintele-iosif-trifa\/cateva-date-mai-de-seama-din-viata-preotului-iosif-trifa-intemeietorul-oastei-domnului\/\">Continue Reading&#8230;<\/a><\/p>\n","protected":false},"author":1,"featured_media":0,"parent":5,"menu_order":0,"comment_status":"open","ping_status":"open","template":"","meta":{"footnotes":""},"class_list":["post-226","page","type-page","status-publish","hentry"],"_links":{"self":[{"href":"https:\/\/www.comorinemuritoare.ro\/biblioteca\/wp-json\/wp\/v2\/pages\/226","targetHints":{"allow":["GET"]}}],"collection":[{"href":"https:\/\/www.comorinemuritoare.ro\/biblioteca\/wp-json\/wp\/v2\/pages"}],"about":[{"href":"https:\/\/www.comorinemuritoare.ro\/biblioteca\/wp-json\/wp\/v2\/types\/page"}],"author":[{"embeddable":true,"href":"https:\/\/www.comorinemuritoare.ro\/biblioteca\/wp-json\/wp\/v2\/users\/1"}],"replies":[{"embeddable":true,"href":"https:\/\/www.comorinemuritoare.ro\/biblioteca\/wp-json\/wp\/v2\/comments?post=226"}],"version-history":[{"count":8,"href":"https:\/\/www.comorinemuritoare.ro\/biblioteca\/wp-json\/wp\/v2\/pages\/226\/revisions"}],"predecessor-version":[{"id":313,"href":"https:\/\/www.comorinemuritoare.ro\/biblioteca\/wp-json\/wp\/v2\/pages\/226\/revisions\/313"}],"up":[{"embeddable":true,"href":"https:\/\/www.comorinemuritoare.ro\/biblioteca\/wp-json\/wp\/v2\/pages\/5"}],"wp:attachment":[{"href":"https:\/\/www.comorinemuritoare.ro\/biblioteca\/wp-json\/wp\/v2\/media?parent=226"}],"curies":[{"name":"wp","href":"https:\/\/api.w.org\/{rel}","templated":true}]}}