{"id":9,"date":"2012-11-29T06:28:41","date_gmt":"2012-11-29T06:28:41","guid":{"rendered":"http:\/\/www.comorinemuritoare.ro\/biblioteca\/?page_id=9"},"modified":"2016-11-17T20:56:52","modified_gmt":"2016-11-17T20:56:52","slug":"fratele-ioan-marini","status":"publish","type":"page","link":"http:\/\/www.comorinemuritoare.ro\/biblioteca\/fratele-ioan-marini\/","title":{"rendered":"Fratele Ioan Marini"},"content":{"rendered":"<h1>Martorul credincios, \u201efratele-\u00eenv\u0103\u0163\u0103tor\u201d Ioan Marini<\/h1>\n<p style=\"text-align: right;\"><strong>Traian Dorz<\/strong>, din <em>\u00abFerici\u0163ii no\u015ftri \u00eenainta\u015fi\u00bb<\/em><\/p>\n<p style=\"text-align: justify;\">Fratele nostru Ioan Marini s-a n\u0103scut la 1 martie 1908 \u00een satul S\u0103sciori de l\u00e2ng\u0103 Sebe\u015f, \u00een jude\u0163ul Alba, din p\u0103rin\u0163ii Ioan \u015fi Ana, ca al doilea dintre cei opt copii ai lor. Fiind o familie de oameni s\u0103raci dintr-un sat s\u0103rac, de\u015fi n-au avut dec\u00e2t foarte slabe posibilit\u0103\u0163i materiale, totu\u015fi p\u0103rin\u0163ii l-au dat pe el la \u015fcoal\u0103, dorind ca m\u0103car unul dintre copiii lor s\u0103 ajung\u0103 la o situa\u0163ie mai bun\u0103 \u00een via\u0163\u0103.<\/p>\n<p style=\"text-align: justify;\">Dup\u0103 ce a terminat \u015ecoala Normal\u0103 a fost numit \u00eenv\u0103\u0163\u0103tor \u00eentr-una dintre comunele apropiate de S\u0103s\u00adciori, \u015fi anume Strungari, unde numai dup\u0103 doi ani de profesiune s-a \u00eemboln\u0103vit grav. Dup\u0103 un an de spitalizare, nemaifiind \u00een stare s\u0103 profeseze \u00eenv\u0103\u0163\u0103toria, a fost pensionat definitiv din \u00eenv\u0103\u0163\u0103m\u00e2nt.<\/p>\n<p style=\"text-align: justify;\">\u00cen aceast\u0103 situa\u0163ie, duc\u00e2ndu-l \u00een \u015fcoala suferin\u0163ei, Domnul l-a ales pentru slujba \u015fi slava Sa. Astfel, afl\u00e2nd \u015fi el despre mi\u015fcarea duhovniceasc\u0103 o Oastei Domnului, la \u00eenceputul anului 1928, a \u00eembr\u0103\u0163i\u015fat-o din toat\u0103 inima. \u015ei de la v\u00e2rsta de 20 de ani s-a predat \u015fi el Domnului, scriind P\u0103rintelui Iosif urm\u0103toarea scrisoare:<\/p>\n<p style=\"text-align: justify;\"><em>\u201eOnorate Domnule P\u0103rinte. Dup\u0103 o lupt\u0103 aprig\u0103, Oastea Domnului va \u00eenvinge, intr\u00e2nd cu bucurie \u00een cetatea adversarului. Lupt\u00e2nd \u00eenainte, s\u0103 sper\u0103m c\u0103 aceast\u0103 izb\u00e2nd\u0103 nu va fi departe. Fiindc\u0103 vreau \u015fi eu s\u0103 iau parte la aceast\u0103 lupt\u0103, V\u0103 rog s\u0103 m\u0103 \u00eenscrie\u0163i \u015fi pe mine ca osta\u015f \u00een Oastea Domnului.\u201d<\/em><\/p>\n<p style=\"text-align: justify;\"><em>Ioan Marini, \u00eenv\u0103\u0163\u0103tor, S\u0103sciori \u2013 Alba \u00abLumina Satelor\u00bb, nr. 4, din 22 ianuarie 1928<\/em><\/p>\n<p><!--more--><\/p>\n<p style=\"text-align: center;\"><a href=\"http:\/\/www.comorinemuritoare.ro\/biblioteca\/wp-content\/uploads\/2012\/11\/Pr_Iosif_Trifa_+_Calfele_Fr_Ioan_Marini_si_Fr_Traian_Dorz.jpg\"><img loading=\"lazy\" decoding=\"async\" class=\"aligncenter wp-image-149\" title=\"Pr. Iosif Trifa \u015fi Calfele (Fr. Ioan Marini, Fr. Traian Dorz)\" src=\"http:\/\/www.comorinemuritoare.ro\/biblioteca\/wp-content\/uploads\/2012\/11\/Pr_Iosif_Trifa_+_Calfele_Fr_Ioan_Marini_si_Fr_Traian_Dorz.jpg\" width=\"680\" height=\"438\" srcset=\"http:\/\/www.comorinemuritoare.ro\/biblioteca\/wp-content\/uploads\/2012\/11\/Pr_Iosif_Trifa_+_Calfele_Fr_Ioan_Marini_si_Fr_Traian_Dorz.jpg 800w, http:\/\/www.comorinemuritoare.ro\/biblioteca\/wp-content\/uploads\/2012\/11\/Pr_Iosif_Trifa_+_Calfele_Fr_Ioan_Marini_si_Fr_Traian_Dorz-300x193.jpg 300w\" sizes=\"auto, (max-width: 680px) 100vw, 680px\" \/><\/a><\/p>\n<p style=\"text-align: center;\"><em>\u201eCalfele lui Neemia\u201c: Ioan Marin, Nicolae Vonica, Traian Dorz<\/em><\/p>\n<p style=\"text-align: justify;\">Sim\u0163indu-se \u00eenzestrat de la Domnul Darurilor \u015fi cu harul poeziei, el \u00eencepe de prima dat\u0103 s\u0103 scrie scurte poezii religioase, pe care le va trimite spre publicare la foile P\u0103rintelui Iosif. Cea dint\u00e2i poezie a lui este publicat\u0103 \u00een \u00abLumina Satelor\u00bb nr. 20, din 18 mai 1930. Iat\u0103 mai jos textul acesteia, care mai t\u00e2rziu a suferit modific\u0103ri f\u0103cute de el:<\/p>\n<table cellspacing=\"12\" cellpadding=\"8\" align=\"left\">\n<tbody>\n<tr>\n<td nowrap=\"nowrap\" bgcolor=\"#ffffaa\">\n<p style=\"padding-left: 30px;\"><strong>Sunat-a ceasul izb\u0103virii<\/strong><\/p>\n<p style=\"padding-left: 30px;\">Sunat-a ceasul izb\u0103virii<br \/>\ndin moarte \u015fi p\u0103cat,<br \/>\nprin crucea m\u00e2ntuirii,<br \/>\nazi Tat\u0103l ne-a iertat.<\/p>\n<p style=\"padding-left: 30px;\">Sunat-a ceasul izb\u0103virii<br \/>\nde sub robia lui Satan,<br \/>\nprin Cel ce Sus S-a r\u0103stignit,<br \/>\nnoi azi ne-am m\u00e2ntuit.<\/p>\n<p style=\"padding-left: 30px;\">Sunat-a ceasul izb\u0103virii<br \/>\nde sub str\u0103inul jug,<br \/>\nprin Cel ce moartea a r\u0103bdat,<br \/>\nnoi azi ne-am liberat.<\/p>\n<p style=\"padding-left: 30px;\">Sunat-a ceasul \u00eemp\u0103c\u0103rii<br \/>\ncu Tat\u0103l Cel Ceresc,<br \/>\nIisus, ca Rege al iert\u0103rii,<br \/>\na ridicat blestemul str\u0103mo\u015fesc.<\/p>\n<p style=\"padding-left: 30px;\">Pe Crucea Sa El ne-a \u00eemp\u0103cat<br \/>\ncu Cel de Sus P\u0103rinte<br \/>\n\u015fi Tat\u0103l ne-a iertat,<br \/>\nsl\u0103vit s\u0103 fii, o, Doamne Sfinte.<\/p>\n<p style=\"padding-left: 30px;\">Veni\u0163i la El, c\u0103ci azi ne cheam\u0103,<br \/>\no, nu mai a\u015ftepta\u0163i,<br \/>\np\u0103catul fie c\u00e2t de mare,<br \/>\nde El sunte\u0163i ierta\u0163i.<\/p>\n<p style=\"padding-left: 30px;\">Veni\u0163i, veni\u0163i, fi\u0163i fii ai izb\u0103virii,<br \/>\nporni\u0163i acum pe drumul m\u00e2ntuirii,<br \/>\nputere, har cere\u0163i de Sus,<br \/>\nintra\u0163i chiar azi \u00een Oastea lui Iisus.<\/p>\n<\/td>\n<\/tr>\n<\/tbody>\n<\/table>\n<p>&nbsp;<\/p>\n<p style=\"text-align: justify;\">Desigur, de la prima vedere, forma acestei poezii, dup\u0103 legile obi\u015fnuite ale poeziei, nu apare a fi prea deosebit\u0103. Dar fondul ei, con\u0163inutul ei este c\u00e2t se poate de inspirat \u2013 \u015fi el arat\u0103 chiar de la \u00eenceput frumoasa \u015fi puternica lui credin\u0163\u0103, frumosul \u015fi puternicul principiu al vie\u0163ii sale. De acum \u00eenainte acesta va fi Scopul \u015fi \u0162inta tr\u0103irii sale \u00eenchinate total \u015fi fierbinte lui Iisus!&#8230;<\/p>\n<p style=\"text-align: justify;\">Fiind eliberat de sarcina unei profesiuni pentru care trupe\u015fte nu mai era capabil, el devenea de acum un harnic angajat al Domnului. \u00cencepe s\u0103 participe \u00eent\u00e2i la \u00eenjghebarea unei adun\u0103ri a Oastei Domnului \u00een satul s\u0103u natal, \u00eempreun\u0103 cu Ilie, fratele s\u0103u mai mare, cu b\u0103tr\u00e2nul frate Nicolae Cap\u0103t\u0103, cu fratele Precupescu, Colhoan Colban \u015fi al\u0163ii, precum \u015fi cu un num\u0103r frumos de surori harnice predate \u015fi ele Domnului. Dup\u0103 S\u0103sciori a urmat Laz, apoi Sibi\u015fel, apoi pe apa Sebe\u015fului \u00een sus p\u00e2n\u0103 la \u015eugag \u015fi \u00een jos p\u00e2n\u0103 la Sebe\u015f \u015fi mai departe; prin h\u0103rnicia sf\u00e2nt\u0103 mai ales a fratelui \u00eenv\u0103\u0163\u0103tor Marini, s-a format o cunun\u0103 de adun\u0103ri din ce \u00een ce tot mai mari \u015fi mai frumoase. \u015ei s-au ridicat o seam\u0103 de lucr\u0103tori care apoi au devenit misionari cunoscu\u0163i p\u00e2n\u0103 departe \u00een jude\u0163ele \u015fi \u0163inuturile \u00eendep\u0103rtate ale \u0163\u0103rii.<\/p>\n<p style=\"text-align: justify;\">Cu timpul, mai ref\u0103c\u00e2ndu-\u015fi s\u0103n\u0103tatea, a \u00eenceput s\u0103 se ocupe tot mai hot\u0103r\u00e2t \u015fi de partea scrisului religios \u015fi s\u0103 colaboreze mai des la foile \u015fi calendarele P\u0103rintelui Iosif de la Sibiu.<\/p>\n<p style=\"text-align: justify;\">Din 1932 a \u00eenceput s\u0103 petreac\u0103 perioade de timp tot mai lungi la centrul de Editur\u0103 \u015fi Libr\u0103rie a Oastei de la Sibiu, unde ajuta la \u00eentocmirea materialului redac\u0163ional, la activit\u0103\u0163ile din libr\u0103rie \u015fi mai ales se ocupa de mersul adun\u0103rii Oastei din Sibiu, lu\u00e2nd parte \u015fi la misiunile duminicale prin satele din jurul Sibiului \u015fi Sighi\u015foarei.<\/p>\n<p style=\"text-align: justify;\">\u00cenzestrat de Dumnezeu cu un puternic dar de vorbire, el \u00eenfl\u0103c\u0103ra toate adun\u0103rile la care lua parte \u015fi, prin harul Duhului Sf\u00e2nt care era peste el, convingea pe to\u0163i cei care \u00eel ascultau de adev\u0103rul Cuv\u00e2ntului lui Dumnezeu \u015fi s\u0103 intre \u00een Oastea Domnului.<\/p>\n<p style=\"text-align: justify;\">Odat\u0103 cu \u00eenceputul conflictului cu Mitropolitul B\u0103lan, c\u00e2nd la Centrul Oastei Domnului a intervenit o nou\u0103 organizare, \u00eenfiin\u0163\u00e2ndu-se gazeta \u00abIsus Biruitorul\u00bb, fratele Ioan Marini a fost oprit definitiv de c\u0103tre P\u0103rintele Iosif \u015fi angajat ca ajutor de redactor, \u00eempreun\u0103 cu Nicolae Vonica din Poiana Sibiului (care studia teologia la Sibiu, dar era atunci \u00een \u00eentreruperea \u015fcolii din motive de boal\u0103). \u015ei cu Traian Dorz, recent chemat \u015fi el de la o \u015fcoal\u0103 din Oradea.<\/p>\n<p style=\"text-align: justify;\">\u00cempreun\u0103 cu P\u0103rintele Iosif \u015fi cu cei doi fra\u0163i \u015fi tovar\u0103\u015fi de lucru, Vonica \u015fi Dorz, a stat fratele Marini ca un ajutor de mare n\u0103dejde al p\u0103rintelui \u00een toate lupele \u015fi suferin\u0163ele lui. Fiind cel mai mare dintre cei trei, el era cel mai pre\u0163uit \u015fi mai de n\u0103dejde dintre ajutoarele p\u0103rintelui Iosif \u015fi mai cunoscut fra\u0163ilor din Sibiu \u015fi din \u0163ar\u0103.<\/p>\n<p style=\"text-align: justify;\">Dar starea \u015fubred\u0103 a s\u0103n\u0103t\u0103\u0163ii lui nu-i \u00eeng\u0103duia s\u0103 poarte sarcini prea grele. De multe ori a trebuit s\u0103 se interneze \u015fi el \u00een spital al\u0103turi de P\u0103rintele Iosif.<\/p>\n<p style=\"text-align: justify;\">Dup\u0103 tr\u0103darea lui Vonica, doar Marini \u015fi Dorz au mai r\u0103mas s\u0103 sprijine, ca Aaron \u015fi Hur, m\u00e2inile lui Moise pentru rug\u0103ciune \u015fi lupt\u0103 (Exod 17, 12).<\/p>\n<p style=\"text-align: justify;\">Dup\u0103 oprirea foii \u00abIsus Biruitorul\u00bb, \u00een 1937, P\u0103rintele Iosif fiind bolnav, l-a trimis la F\u0103g\u0103ra\u015f pe fratele Marini pentru a scoate acolo foaia \u00abEcoul\u00bb. \u015ei de asemenea \u015fi dup\u0103 oprirea foii \u00abEcoul\u00bb, tot el a fost trimis s\u0103 scoat\u0103 la Bucure\u015fti foaia \u00abOsta\u015ful Domnului\u00bb. Dup\u0103 ce \u015fi \u00abOsta\u015ful Domnului\u00bb a fost oprit, fratele Marini \u00eempreun\u0103 cu fratele Traian Dorz l-au ajutat pe p\u0103rintele la scoaterea ultimei sale foi, \u00abGlasul Drept\u0103\u0163ii\u00bb.<\/p>\n<p style=\"text-align: justify;\">La 12 februarie 1938, c\u00e2nd a trecut la Domnul P\u0103rintele Iosif, cei doi care mai fuseser\u0103 \u00eempreun\u0103 cu p\u0103rintele au r\u0103mas mai departe singuri la sarcina propov\u0103duirii Cuv\u00e2ntului scris \u015fi vorbit pentru cititorii \u015fi abona\u0163ii literaturii Oastei Domnului.<\/p>\n<p style=\"text-align: justify;\">\u00cempreun\u0103 cu fratele Traian Dorz, fratele Ioan Marini a \u00eenceput atunci peregrinarea prin \u0163ar\u0103, \u00een c\u0103utarea altor tipografii \u015fi modalit\u0103\u0163i de a scoate foile cerute de Lucrarea Domnului, c\u0103r\u0163ile \u015fi calendarele care alimentau marile mul\u0163imi de suflete \u00eensetate dup\u0103 Cuv\u00e2ntul lui Dumnezeu. A\u015fa au plecat ei alunga\u0163i \u00een 1938 de la Sibiu, oprindu-se pentru un timp la Oradea, unde au scos foaia \u00abOgorul Domnului\u00bb. Alunga\u0163i \u015fi de acolo, au scos la Cluj \u00abVia\u0163a Cre\u015ftin\u0103\u00bb \u015fi \u00abMisionarul Vie\u0163ii Cre\u015ftine\u00bb.<\/p>\n<p style=\"text-align: justify;\">Alunga\u0163i \u015fi de la Cluj de c\u0103derea Ardealului de Nord \u00een 1940, s-au oprit la Beiu\u015f, unde au scos trei ani \u00abFamilia Cre\u015ftin\u0103\u00bb. Iar \u00een 1946 au reu\u015fit s\u0103 revin\u0103 iar\u0103\u015fi la Sibiu, s\u0103 scoat\u0103 foaia \u00abIsus Biruitorul\u00bb \u00een serie nou\u0103.<\/p>\n<p style=\"text-align: justify;\">\u00cen tot acest timp de c\u0103ut\u0103ri \u015fi alerg\u0103ri pentru scoaterea cuv\u00e2ntului scris, fratele Marini n-a \u00eencetat s\u0103 alerge prin toate \u0163inuturile \u0163\u0103rii, de la o margine a ei la cealalt\u0103, \u00een propov\u0103duirea Cuv\u00e2ntului Sf\u00e2nt \u015fi \u00een cercetarea adun\u0103rilor fr\u0103\u0163e\u015fti. Erau anii cei grei ai concentr\u0103rilor, apoi ai r\u0103zboiului, apoi ai marilor \u00eencerc\u0103ri \u015fi lipsuri de dup\u0103 r\u0103zboi \u2013 \u015fi \u00een tot acest timp el a trebui s\u0103 fie \u00een prima linie de lupt\u0103 duhovniceasc\u0103. Totdeauna \u00een primejdie nu numai din afar\u0103, din cauza tuturor greut\u0103\u0163ilor prin care trecea lucrul Domnului \u00een astfel de vremuri, \u2013 ci \u015fi din\u0103untru, din partea autorit\u0103\u0163ilor, mai ales a celor biserice\u015fti, care ne urm\u0103reau f\u0103r\u0103 mil\u0103 \u015fi c\u0103utau s\u0103 ne nimiceasc\u0103 at\u00e2t trupe\u015fte, c\u00e2t \u015fi suflete\u015fte.<\/p>\n<p style=\"text-align: justify;\">\u00cen acei ani c\u00e2nd adun\u0103rile Oastei erau interzise \u015fi c\u00e2nd cei ce erau g\u0103si\u0163i \u00een adunare erau amenin\u0163a\u0163i cu judecata Cur\u0163ilor Mar\u0163iale, mul\u0163i fra\u0163i \u015fi surori au \u015fi fost judeca\u0163i \u015fi condamna\u0163i.<\/p>\n<p style=\"text-align: justify;\">Fratele Marini a sc\u0103pat ca prin minune de multe ori, dar a \u015fi fost \u00eenchis \u00een mai multe r\u00e2nduri \u015fi \u00een mai multe locuri, at\u00e2t singur, c\u00e2t \u015fi cu al\u0163i fra\u0163i cu care fusese aflat \u00een adun\u0103ri\u2026 \u00cens\u0103 prin toate el a trecut mai mult dec\u00e2t biruitor, dup\u0103 ce \u015fi acolo el m\u0103rturisise cu mult\u0103 \u00eenfl\u0103c\u0103rare pe Domnul, c\u00e2\u015ftig\u00e2nd pentru m\u00e2ntuire multe suflete ale celor ce erau cu el \u00een temni\u0163\u0103.<\/p>\n<p style=\"text-align: justify;\">Abia \u00eencepuser\u0103 lucrurile s\u0103 mearg\u0103 din nou bine cu foaia \u00abIsus Biruitorul\u00bb la Sibiu c\u00e2nd, \u00een ianuarie 1947, s-au \u00eemboln\u0103vit grav mai mul\u0163i membri ai familiei fratelui Marini de la S\u0103sciori. \u00cent\u00e2i a trecut la Domnul mama lui, Ana. El, z\u0103c\u00e2nd grav bolnav la Sibiu, n-a putut lua parte nici la \u00eenmorm\u00e2ntarea ei. La o s\u0103pt\u0103m\u00e2n\u0103 dup\u0103 mama sa, murea tat\u0103l s\u0103u \u015fi la o zi dup\u0103 tat\u0103l a trecut la Domnul \u015fi fratele Marini. Al\u0163i doi din familie, un frate \u015fi o sor\u0103, se luptau cu moartea: Nicolae la Sibiu \u015fi M\u0103rioara la Arad.<\/p>\n<p style=\"text-align: justify;\">\u00cen mijlocul acestor \u00eencerc\u0103ri, to\u0163i fra\u0163ii au stat cu toat\u0103 inima al\u0103turi de greu \u00eencercata lor familie de la S\u0103sciori. Pe fratele Ioan Marini deodat\u0103 cu tat\u0103l s\u0103u, o mare mul\u0163ime de fra\u0163i \u015fi surori i-au privegheat \u015fi i-au \u00eenso\u0163it cu c\u00e2nt\u0103ri \u015fi lacrimi p\u00e2n\u0103 la morm\u00e2nt. Mai t\u00e2rziu dragostea fr\u0103\u0163easc\u0103 i-a ridicat \u00een cimitirul din S\u0103sciori un monument care simbolizeaz\u0103 \u00eens\u0103\u015fi lupta \u015fi scopul vie\u0163ii sale: \u00een\u0103l\u0163area Cuv\u00e2ntului Sf\u00e2nt, care este Adev\u0103rul.<\/p>\n<p><strong>Din lucr\u0103rile scrise ale fratelui Marini, amintim:<\/strong><em><br \/>\nLa umbra crucii<\/em> \u2013 poezii religioase;<em><br \/>\nHot\u0103r\u00e2\u0163i \u015fi statornici<\/em> (\u00eendemnuri pentru fra\u0163i);<em><br \/>\nFlec\u0103reala <\/em>(cuv\u00e2nt de trezire pentru cei vinova\u0163i);<em><br \/>\nPostul<\/em> \u2013 despre \u00eensemn\u0103tatea \u015fi puterea postului;<em><br \/>\n100 cuvinte de aur<\/em> \u2013 culegere de proverbe;<em><br \/>\nHran\u0103 pentru familia cre\u015ftin\u0103<\/em> \u2013 \u00eendemnuri puternice pentru o tr\u0103ire vie \u00een Hristos. Aceasta este cartea lui cea mai \u00eensemnat\u0103.<\/p>\n<p>A fost redactor la urm\u0103toarele foi:<\/p>\n<p><em>\u00abIsus Biruitorul\u00bb<\/em> \u2013 Sibiu (toate cele trei serii);<em><br \/>\n\u00abEcoul\u00bb<\/em> \u2013 F\u0103g\u0103ra\u015f, 1937;<em><br \/>\n\u00abOsta\u015ful Domnului\u00bb <\/em>\u2013 Bucure\u015fti, 1937;<em><br \/>\n\u00abOgorul Domnului\u00bb \u2013 <\/em>Oradea, 1938;<em><br \/>\n\u00abVia\u0163a Cre\u015ftin\u0103\u00bb<\/em> \u2013 Cluj, 1939;<em><br \/>\n\u00abMisionarul Vie\u0163ii Cre\u015ftine\u00bb <\/em>\u2013 Cluj, 1940;<em><br \/>\n\u00abFamilia Cre\u015ftin\u0103\u00bb<\/em> \u2013 Beiu\u015f, 1941-1943;<\/p>\n<p style=\"text-align: justify;\">A fost colaborator principal la \u2013 opt Calendare Carte pentru Oastea Domnului \u00eentre anii 1939 \u015fi 1947.<\/p>\n<p style=\"text-align: justify;\">Despre fratele Marini vor m\u0103rturisi ve\u015fnic toate urmele lui sfinte printre fra\u0163i, toate predicile sale nemuritoare, toate scrierile din foile, din c\u0103r\u0163ile, calendarele \u015fi c\u00e2nt\u0103rile r\u0103mase dup\u0103 el.<\/p>\n<p style=\"text-align: justify;\">Pilda vie\u0163ii lui minunat\u0103 \u015fi str\u0103lucit\u0103 va r\u0103m\u00e2ne nemuritoare, iar jertfa sa al\u0103turi de a P\u0103rintelui Iosif \u015fi de a celorlal\u0163i fra\u0163i cu care a muncit \u015fi a suferit al\u0103turi va r\u0103m\u00e2ne la temelia Oastei Domnului pe totdeauna. Nimeni nu va putea vorbi despre istoria \u00eenceputului acestei minunate Lucr\u0103ri evanghelice f\u0103r\u0103 s\u0103 pomeneasc\u0103 despre partea fratelui Marini care a fost printre cele mai dint\u00e2i \u015fi mai frumoase d\u0103ruiri aduse Domnului \u015fi M\u00e2ntuitorului nostru Iisus Hristos, al C\u0103rui martor credincios a fost el p\u00e2n\u0103 la moarte.<\/p>\n<p style=\"text-align: right;\">Sl\u0103vit s\u0103 fie Domnul!<\/p>\n","protected":false},"excerpt":{"rendered":"<p>Martorul credincios, \u201efratele-\u00eenv\u0103\u0163\u0103tor\u201d Ioan Marini Traian Dorz, din \u00abFerici\u0163ii no\u015ftri \u00eenainta\u015fi\u00bb Fratele nostru Ioan Marini s-a n\u0103scut la 1 martie 1908 \u00een satul S\u0103sciori de l\u00e2ng\u0103 Sebe\u015f, \u00een jude\u0163ul Alba, din p\u0103rin\u0163ii Ioan \u015fi Ana, ca al doilea dintre cei opt copii ai lor. Fiind o familie de oameni s\u0103raci dintr-un sat s\u0103rac, de\u015fi n-au&nbsp;<\/p>\n<p><a class=\"btn btn-style\" href=\"http:\/\/www.comorinemuritoare.ro\/biblioteca\/fratele-ioan-marini\/\">Continue Reading&#8230;<\/a><\/p>\n","protected":false},"author":1,"featured_media":0,"parent":0,"menu_order":3,"comment_status":"open","ping_status":"open","template":"","meta":{"footnotes":""},"class_list":["post-9","page","type-page","status-publish","hentry"],"_links":{"self":[{"href":"http:\/\/www.comorinemuritoare.ro\/biblioteca\/wp-json\/wp\/v2\/pages\/9","targetHints":{"allow":["GET"]}}],"collection":[{"href":"http:\/\/www.comorinemuritoare.ro\/biblioteca\/wp-json\/wp\/v2\/pages"}],"about":[{"href":"http:\/\/www.comorinemuritoare.ro\/biblioteca\/wp-json\/wp\/v2\/types\/page"}],"author":[{"embeddable":true,"href":"http:\/\/www.comorinemuritoare.ro\/biblioteca\/wp-json\/wp\/v2\/users\/1"}],"replies":[{"embeddable":true,"href":"http:\/\/www.comorinemuritoare.ro\/biblioteca\/wp-json\/wp\/v2\/comments?post=9"}],"version-history":[{"count":21,"href":"http:\/\/www.comorinemuritoare.ro\/biblioteca\/wp-json\/wp\/v2\/pages\/9\/revisions"}],"predecessor-version":[{"id":575,"href":"http:\/\/www.comorinemuritoare.ro\/biblioteca\/wp-json\/wp\/v2\/pages\/9\/revisions\/575"}],"wp:attachment":[{"href":"http:\/\/www.comorinemuritoare.ro\/biblioteca\/wp-json\/wp\/v2\/media?parent=9"}],"curies":[{"name":"wp","href":"https:\/\/api.w.org\/{rel}","templated":true}]}}