{"id":5,"date":"2012-11-29T06:27:41","date_gmt":"2012-11-29T06:27:41","guid":{"rendered":"http:\/\/www.comorinemuritoare.ro\/biblioteca\/?page_id=5"},"modified":"2012-12-10T08:25:21","modified_gmt":"2012-12-10T08:25:21","slug":"parintele-iosif-trifa","status":"publish","type":"page","link":"http:\/\/www.comorinemuritoare.ro\/biblioteca\/parintele-iosif-trifa\/","title":{"rendered":"P\u0103rintele Iosif Trifa"},"content":{"rendered":"<p style=\"padding-left: 60px; text-align: left;\"><strong><span style=\"color: #0000ff;\"><em>Tr\u0103ie\u015fte-n veac cel so\u0163 cu-altarul,<br \/>\nstr\u0103luce-n veac cel stins frumos,<br \/>\nurmat e-n veac cel uns cu harul<br \/>\nde rob \u015fi-apostol lui Hristos.<\/em><\/span><\/strong><\/p>\n<p style=\"text-align: justify;\">P\u0103rintele Iosif a iubit Biserica \u015fi credin\u0163a noastr\u0103 str\u0103mo\u015feasc\u0103 nu numai ca osta\u015f, ci \u015fi ca preot al ei.<br \/>\nA \u0163inut totul \u015fi n-a lep\u0103dat nimic din adev\u0103rurile ei.<br \/>\nA cinstit totul \u015fi n-a dispre\u0163uit nimic, dec\u00e2t p\u0103catul, care nu era al ei, ci al oamenilor slabi din ea.<br \/>\nPrimului osta\u015f dintre noi i s-a spus Neemia nu numai pentru c\u0103 s-a unit total cu poporul lui Dumnezeu, ca cel\u0103lalt Neemia, din Biblie, dar \u015fi pentru c\u0103 a renun\u0163at, tot ca acesta, la toat\u0103 slava \u015fi comoditatea pe care le putea avea \u015fi el la curtea mai-marelui s\u0103u.<br \/>\n\u015ei-a luat asupra sa primejdia \u015fi lupta numai spre a \u00eemplini voile lui Dumnezeu \u015fi nevoile noastre.<br \/>\nDe aceea puterea lui Dumnezeu a fost cu el \u015fi l-a \u00eenzestrat nu numai cu o capacitate at\u00e2t de mare de munc\u0103, dar \u015fi cu un curaj at\u00e2t de hot\u0103r\u00e2t de a lupta.<br \/>\nOamenii slabi trupe\u015fte sunt de obicei ni\u015fte frico\u015fi \u015fi retra\u015fi, ca animalele slabe. \u00cen fa\u0163a primejdiei fug. \u00cen fa\u0163a mai-marilor se t\u00e2r\u0103sc, se milogesc, se prefac sau se ascund&#8230;<br \/>\nDar el, cu un curaj unic, cu o putere unic\u0103, s-a \u00eempotrivit tuturor \u201emun\u0163ilor\u201c lume\u015fti care \u00eel amenin\u0163au, tuturor fiarelor care veneau \u00eempotriva lui, tuturor nefericirilor care l-au \u00eencercat.<br \/>\n\u00cen suferin\u0163e a muncit, \u00een primejdii a luptat, \u00een ispitiri a vegheat, \u00een r\u0103scrucile hot\u0103r\u00e2rilor nu s-a r\u0103t\u0103cit de la drumul cel drept, s\u0103n\u0103tos \u015fi adev\u0103rat, oric\u00e2t a fost de str\u00e2mt.<br \/>\nS-a putut desp\u0103r\u0163i de to\u0163i prietenii s\u0103i dac\u0103 ace\u015ftia nu mai mergeau pe drumul Oastei, dar nu s-a desp\u0103r\u0163it niciodat\u0103 de acest drum pe care i-l ar\u0103tase Hristos.<br \/>\nOricine a contat pe el ca pe un prieten s-a putut bizui pe statornicia lui p\u00e2n\u0103 la moarte. Dar cei pe care a contat el, aproape to\u0163i l-au p\u0103r\u0103sit.<br \/>\nDe obicei, ceilal\u0163i mari \u00eendrum\u0103tori ai oamenilor \u00ee\u015fi consum\u0103 toat\u0103 energia lor \u00een munca de a descoperi \u015fi de a vesti adev\u0103rul, f\u0103r\u0103 a le mai ajunge nimic pentru a-l \u015fi tr\u0103i ei \u00een\u015fi\u015fi cu fapta.<br \/>\nDar la P\u0103rintele Iosif, \u015fi puterea tr\u0103irii r\u0103m\u00e2ne tot \u00eentreag\u0103 \u015fi mare. Aceasta se vede din faptul c\u0103 nici unii din contemporanii \u015fi urma\u015fii s\u0103i n-a mai putut realiza o tr\u0103ire at\u00e2t de \u00eenalt\u0103 \u015fi de limpede a ideilor sale a\u015fa ca el.<span style=\"color: #808080;\"><em> (Traian Dorz, Istoria unei jertfe, vol III, Ed. \u00abOastea Domnului\u00bb, 1998, pg. 540)<\/em><\/span><\/p>\n<p style=\"text-align: justify;\"><a title=\"C\u00e2teva date mai de seama din viata Preotului Iosif Trifa \u2013 \u00eentemeietorul Oastei Domnului\" href=\"http:\/\/www.comorinemuritoare.ro\/biblioteca\/parintele-iosif-trifa\/cateva-date-mai-de-seama-din-viata-preotului-iosif-trifa-intemeietorul-oastei-domnului\/\" target=\"_blank\">C\u00e2teva date mai de seama din viata Preotului Iosif Trifa \u2013 \u00eentemeietorul Oastei Domnului<\/a><\/p>\n","protected":false},"excerpt":{"rendered":"<p>Tr\u0103ie\u015fte-n veac cel so\u0163 cu-altarul, str\u0103luce-n veac cel stins frumos, urmat e-n veac cel uns cu harul de rob \u015fi-apostol lui Hristos. P\u0103rintele Iosif a iubit Biserica \u015fi credin\u0163a noastr\u0103 str\u0103mo\u015feasc\u0103 nu numai ca osta\u015f, ci \u015fi ca preot al ei. A \u0163inut totul \u015fi n-a lep\u0103dat nimic din adev\u0103rurile ei. A cinstit totul \u015fi&nbsp;<\/p>\n<p><a class=\"btn btn-style\" href=\"http:\/\/www.comorinemuritoare.ro\/biblioteca\/parintele-iosif-trifa\/\">Continue Reading&#8230;<\/a><\/p>\n","protected":false},"author":1,"featured_media":0,"parent":0,"menu_order":1,"comment_status":"open","ping_status":"open","template":"","meta":{"footnotes":""},"class_list":["post-5","page","type-page","status-publish","hentry"],"_links":{"self":[{"href":"http:\/\/www.comorinemuritoare.ro\/biblioteca\/wp-json\/wp\/v2\/pages\/5","targetHints":{"allow":["GET"]}}],"collection":[{"href":"http:\/\/www.comorinemuritoare.ro\/biblioteca\/wp-json\/wp\/v2\/pages"}],"about":[{"href":"http:\/\/www.comorinemuritoare.ro\/biblioteca\/wp-json\/wp\/v2\/types\/page"}],"author":[{"embeddable":true,"href":"http:\/\/www.comorinemuritoare.ro\/biblioteca\/wp-json\/wp\/v2\/users\/1"}],"replies":[{"embeddable":true,"href":"http:\/\/www.comorinemuritoare.ro\/biblioteca\/wp-json\/wp\/v2\/comments?post=5"}],"version-history":[{"count":36,"href":"http:\/\/www.comorinemuritoare.ro\/biblioteca\/wp-json\/wp\/v2\/pages\/5\/revisions"}],"predecessor-version":[{"id":608,"href":"http:\/\/www.comorinemuritoare.ro\/biblioteca\/wp-json\/wp\/v2\/pages\/5\/revisions\/608"}],"wp:attachment":[{"href":"http:\/\/www.comorinemuritoare.ro\/biblioteca\/wp-json\/wp\/v2\/media?parent=5"}],"curies":[{"name":"wp","href":"https:\/\/api.w.org\/{rel}","templated":true}]}}